{"id":250,"date":"2022-12-07T08:53:17","date_gmt":"2022-12-07T08:53:17","guid":{"rendered":"https:\/\/gingatransfer.com\/ginga\/?page_id=28"},"modified":"2025-05-09T14:15:38","modified_gmt":"2025-05-09T14:15:38","slug":"contacto","status":"publish","type":"page","link":"https:\/\/grupo-sun.com\/sunpay\/index.php\/contacto\/","title":{"rendered":"Sunpay &#8211; Contactos"},"content":{"rendered":"\r\n<p>Privilegiando a Qualidade e Seguran\u00e7a dos servi\u00e7os prestados, com a capacidade de adicionar Valor Acrescentado ao utilizar parceiros de comprovada qualidade, a Sunpay mantem elevados padr\u00f5es de qualidade de servi\u00e7os, permanente apoio e dedica\u00e7\u00e3o ao Cliente.<\/p>\r\n\r\n\r\n\r\n<p><strong>Sunpay<\/strong><\/p>\r\n\r\n\r\n\r\n<p><strong>Balc\u00e3o e Sede<\/strong><\/p>\r\n\r\n\r\n\r\n<p>Largo da Liga Africana, 29-B, Luanda<br \/>Tel.: 00244 946 733 775 \/ 00244 946 733 977<\/p>\r\n\r\n\r\n\r\n<p>Email: geral.ao@grupo-sun.com\u00a0<\/p>\r\n\r\n\r\n\r\n<ul class=\"wp-block-list\">\r\n<li><strong>Fale Connosco:<\/strong><br \/>Utilize o formul\u00e1rio em baixo para comunicar connosco. Coloque-nos quest\u00f5es, envie-nos sugest\u00f5es, coment\u00e1rios, dicas, etc. Prometemos ser breves na resposta.<\/li>\r\n<\/ul>\r\n\r\n\r\n<div class=\"wpforms-container wpforms-container-full wpforms-block wpforms-block-e096897b-77d2-4cb3-b1ac-e8d8e22484f2\" id=\"wpforms-300\"><form id=\"wpforms-form-300\" class=\"wpforms-validate wpforms-form wpforms-ajax-form\" data-formid=\"300\" method=\"post\" enctype=\"multipart\/form-data\" action=\"\/sunpay\/index.php\/wp-json\/wp\/v2\/pages\/250\" data-token=\"095358ccaca2f8d50075ea62b8ba41b5\"><noscript class=\"wpforms-error-noscript\">Please enable JavaScript in your browser to complete this form.<\/noscript><div class=\"wpforms-field-container\"><div id=\"wpforms-300-field_1-container\" class=\"wpforms-field wpforms-field-text\" data-field-id=\"1\"><label class=\"wpforms-field-label\" for=\"wpforms-300-field_1\">Nome <span class=\"wpforms-required-label\">*<\/span><\/label><input type=\"text\" id=\"wpforms-300-field_1\" class=\"wpforms-field-medium wpforms-field-required\" name=\"wpforms[fields][1]\" required><\/div><div id=\"wpforms-300-field_2-container\" class=\"wpforms-field wpforms-field-text\" data-field-id=\"2\"><label class=\"wpforms-field-label\" for=\"wpforms-300-field_2\">Email <span class=\"wpforms-required-label\">*<\/span><\/label><input type=\"text\" id=\"wpforms-300-field_2\" class=\"wpforms-field-medium wpforms-field-required\" name=\"wpforms[fields][2]\" required><\/div><div id=\"wpforms-300-field_3-container\" class=\"wpforms-field wpforms-field-text\" data-field-id=\"3\"><label class=\"wpforms-field-label\" for=\"wpforms-300-field_3\">Assunto <span class=\"wpforms-required-label\">*<\/span><\/label><input type=\"text\" id=\"wpforms-300-field_3\" class=\"wpforms-field-medium wpforms-field-required\" name=\"wpforms[fields][3]\" required><\/div><\/div><!-- .wpforms-field-container --><div class=\"wpforms-submit-container\" ><input type=\"hidden\" name=\"wpforms[id]\" value=\"300\"><input type=\"hidden\" name=\"wpforms[author]\" value=\"1\"><button type=\"submit\" name=\"wpforms[submit]\" id=\"wpforms-submit-300\" class=\"wpforms-submit\" data-alt-text=\"A enviar\" data-submit-text=\"Enviar\" aria-live=\"assertive\" value=\"wpforms-submit\">Enviar<\/button><img loading=\"lazy\" decoding=\"async\" src=\"https:\/\/grupo-sun.com\/sunpay\/wp-content\/plugins\/wpforms-lite\/assets\/images\/submit-spin.svg\" class=\"wpforms-submit-spinner\" style=\"display: none;\" width=\"26\" height=\"26\" alt=\"Loading\"><\/div><\/form><\/div>  <!-- .wpforms-container -->","protected":false},"excerpt":{"rendered":"<p>Privilegiando a Qualidade e Seguran\u00e7a dos servi\u00e7os prestados, com a capacidade de adicionar Valor Acrescentado ao utilizar parceiros de comprovada qualidade, a Sunpay mantem elevados padr\u00f5es de qualidade de servi\u00e7os, permanente apoio e dedica\u00e7\u00e3o ao Cliente. Sunpay Balc\u00e3o e Sede Largo da Liga Africana, 29-B, LuandaTel.: 00244 946 733 775 [&hellip;]<\/p>\n","protected":false},"author":1,"featured_media":0,"parent":0,"menu_order":0,"comment_status":"closed","ping_status":"closed","template":"","meta":{"footnotes":""},"class_list":["post-250","page","type-page","status-publish","hentry"],"_links":{"self":[{"href":"https:\/\/grupo-sun.com\/sunpay\/index.php\/wp-json\/wp\/v2\/pages\/250","targetHints":{"allow":["GET"]}}],"collection":[{"href":"https:\/\/grupo-sun.com\/sunpay\/index.php\/wp-json\/wp\/v2\/pages"}],"about":[{"href":"https:\/\/grupo-sun.com\/sunpay\/index.php\/wp-json\/wp\/v2\/types\/page"}],"author":[{"embeddable":true,"href":"https:\/\/grupo-sun.com\/sunpay\/index.php\/wp-json\/wp\/v2\/users\/1"}],"replies":[{"embeddable":true,"href":"https:\/\/grupo-sun.com\/sunpay\/index.php\/wp-json\/wp\/v2\/comments?post=250"}],"version-history":[{"count":11,"href":"https:\/\/grupo-sun.com\/sunpay\/index.php\/wp-json\/wp\/v2\/pages\/250\/revisions"}],"predecessor-version":[{"id":432,"href":"https:\/\/grupo-sun.com\/sunpay\/index.php\/wp-json\/wp\/v2\/pages\/250\/revisions\/432"}],"wp:attachment":[{"href":"https:\/\/grupo-sun.com\/sunpay\/index.php\/wp-json\/wp\/v2\/media?parent=250"}],"curies":[{"name":"wp","href":"https:\/\/api.w.org\/{rel}","templated":true}]}}