{"id":249,"date":"2022-12-07T08:53:17","date_gmt":"2022-12-07T08:53:17","guid":{"rendered":"https:\/\/gingatransfer.com\/ginga\/?page_id=27"},"modified":"2023-09-14T11:53:15","modified_gmt":"2023-09-14T11:53:15","slug":"sobre","status":"publish","type":"page","link":"https:\/\/grupo-sun.com\/sunpay\/index.php\/sobre\/","title":{"rendered":"Sunpay &#8211; Quem somos"},"content":{"rendered":"\n<div class=\"wp-block-media-text alignwide has-media-on-the-right is-stacked-on-mobile\" style=\"grid-template-columns:auto 30%\"><div class=\"wp-block-media-text__content\">\n<figure class=\"wp-block-table alignleft is-style-stripes\"><table><tbody><tr><td><\/td><td>&nbsp;<\/td><td>&nbsp;<\/td><\/tr><tr><td><strong>Servi\u00e7os oferecidos<\/strong><br><br>A\u00a0Sunpay<strong>\u00a0<\/strong>\u00e9 uma empresa especializada no mercado de transfer\u00eancias\/remessa de valores para Portugal, Cabo Verde, Brasil, Estados Unidos da Am\u00e9rica, Europa e Resto do Mundo.Assumimos a efici\u00eancia como uma condi\u00e7\u00e3o essencial para garantir a satisfa\u00e7\u00e3o do cliente, surgindo no mercado com solu\u00e7\u00f5es inovadoras que permitem transferir dinheiro com maior qualidade e transpar\u00eancia, tornando-o um processo mais r\u00e1pido e seguro. A\u00a0<strong>Sunpay<\/strong>\u00a0coloca uma rede global de transfer\u00eancias \u00e0 disposi\u00e7\u00e3o de cada cliente, atrav\u00e9s de balc\u00f5es pr\u00f3prios ou de balc\u00f5es de agentes pagadores que permite enviar dinheiro para qualquer destino do Mundo. A nossa miss\u00e3o \u00e9 ser uma refer\u00eancia de qualidade, seguran\u00e7a e integridade para os nossos clientes, operando no mercado com a garantia de satisfa\u00e7\u00e3o das suas necessidades, em pleno respeito e cumprimento com a legisla\u00e7\u00e3o em vigor &#8211; por isso, institu\u00edmos na empresa um\u00a0<a rel=\"noopener\" href=\"https:\/\/grupo-sun.com\/manuais\/01_Codigo_Conduta_SUNPAY_201811_SITE.pdf\" target=\"_blank\">C\u00f3digo de \u00e9tica e conduta<\/a>\u00a0e adoptamos uma rigorosa\u00a0<a rel=\"noopener\" href=\"https:\/\/grupo-sun.com\/manuais\/04_Modelo_Gestao_risco_Princ_Compl_SUNPAY_201811_SITE.pdf\" target=\"_blank\">Pol\u00edtica de preven\u00e7\u00e3o de branqueamento de capitais e financiamento do terrorismo<\/a>. A presta\u00e7\u00e3o de\u00a0<strong>servi\u00e7os de qualidade<\/strong>\u00a0assume uma import\u00e2ncia fundamental nas comunidades onde nos inserimos. A constante inova\u00e7\u00e3o tecnol\u00f3gica \u00e9 uma aposta que nos permite assegurar a m\u00e1xima fiabilidade na presta\u00e7\u00e3o de cada servi\u00e7o, garantindo uma qualidade de excel\u00eancia. Na\u00a0<strong>Sunpay<\/strong>\u00a0minimizamos riscos para garantir certezas, estabelecendo uma maior rela\u00e7\u00e3o de confian\u00e7a com os nossos clientes e realizando transfer\u00eancias com a m\u00e1xima confidencialidade e fiabilidade que nos \u00e9 exigida. Os nossos clientes s\u00e3o o nosso maior valor, queremos estar pr\u00f3ximos e responder aos seus objetivos e necessidades da forma mais r\u00e1pida poss\u00edvel.<br><br><strong>Pol\u00edtica de Seguran\u00e7a Cibern\u00e9tica<br><\/strong><br>A SunPay tem estabelecidas linhas orientadoras referentes \u00e0s<br>pol\u00edticas de seguran\u00e7a na empresa, dando cumprimento ao estipulado pelo Banco Nacional de Angola, no Aviso n\u00ba. 08\/2020, de 16 de Mar\u00e7o, em harmonia com a dimens\u00e3o e complexidade<br>da atividade desenvolvida. <a href=\"https:\/\/grupo-sun.com\/sunpay\/wp-content\/uploads\/2023\/09\/SUNPAY_seguranca_cibernetica-1.pdf\" data-type=\"link\" data-id=\"https:\/\/grupo-sun.com\/sunpay\/wp-content\/uploads\/2023\/09\/SUNPAY_seguranca_cibernetica-1.pdf\" target=\"_blank\" rel=\"noreferrer noopener\">Consulte aqui<\/a> as nossas &#8220;Pol\u00edticas de Seguran\u00e7a Cibern\u00e9tica&#8221; <br><br><strong>\u00d3rg\u00e3os Sociais<\/strong><br><br>-Assembleia Geral: constitu\u00edda pelos s\u00f3cios da empresa<br>-Conselho de Ger\u00eancia: constitu\u00eddo pelos s\u00f3cios gerentes da empresa, designados em Assembleia Geral<br>-Fiscal \u00danico: designado em reuni\u00e3o de Conselho de Ger\u00eancia<\/td><\/tr><\/tbody><\/table><\/figure>\n<\/div><figure class=\"wp-block-media-text__media\"><img decoding=\"async\" src=\"https:\/\/grupo-sun.com\/sunpay\/wp-content\/uploads\/2022\/12\/Ginga_Transfer_imagem_01.jpg\" alt=\"\" class=\"wp-image-9 size-full\"\/><\/figure><\/div>\n","protected":false},"excerpt":{"rendered":"<p>&nbsp; &nbsp; Servi\u00e7os oferecidos A\u00a0Sunpay\u00a0\u00e9 uma empresa especializada no mercado de transfer\u00eancias\/remessa de valores para Portugal, Cabo Verde, Brasil, Estados Unidos da Am\u00e9rica, Europa e Resto do Mundo.Assumimos a efici\u00eancia como uma condi\u00e7\u00e3o essencial para garantir a satisfa\u00e7\u00e3o do cliente, surgindo no mercado com solu\u00e7\u00f5es inovadoras que permitem transferir dinheiro [&hellip;]<\/p>\n","protected":false},"author":1,"featured_media":0,"parent":0,"menu_order":0,"comment_status":"closed","ping_status":"closed","template":"","meta":{"footnotes":""},"class_list":["post-249","page","type-page","status-publish","hentry"],"_links":{"self":[{"href":"https:\/\/grupo-sun.com\/sunpay\/index.php\/wp-json\/wp\/v2\/pages\/249","targetHints":{"allow":["GET"]}}],"collection":[{"href":"https:\/\/grupo-sun.com\/sunpay\/index.php\/wp-json\/wp\/v2\/pages"}],"about":[{"href":"https:\/\/grupo-sun.com\/sunpay\/index.php\/wp-json\/wp\/v2\/types\/page"}],"author":[{"embeddable":true,"href":"https:\/\/grupo-sun.com\/sunpay\/index.php\/wp-json\/wp\/v2\/users\/1"}],"replies":[{"embeddable":true,"href":"https:\/\/grupo-sun.com\/sunpay\/index.php\/wp-json\/wp\/v2\/comments?post=249"}],"version-history":[{"count":4,"href":"https:\/\/grupo-sun.com\/sunpay\/index.php\/wp-json\/wp\/v2\/pages\/249\/revisions"}],"predecessor-version":[{"id":361,"href":"https:\/\/grupo-sun.com\/sunpay\/index.php\/wp-json\/wp\/v2\/pages\/249\/revisions\/361"}],"wp:attachment":[{"href":"https:\/\/grupo-sun.com\/sunpay\/index.php\/wp-json\/wp\/v2\/media?parent=249"}],"curies":[{"name":"wp","href":"https:\/\/api.w.org\/{rel}","templated":true}]}}